{"id":8,"date":"2024-09-11T08:17:52","date_gmt":"2024-09-11T08:17:52","guid":{"rendered":"https:\/\/nicolasmin.rkinformatika.online\/?page_id=8"},"modified":"2024-09-13T13:31:18","modified_gmt":"2024-09-13T13:31:18","slug":"servicio","status":"publish","type":"page","link":"https:\/\/nicolasmin.com\/en\/servicio\/","title":{"rendered":"Service"},"content":{"rendered":"<div data-elementor-type=\"wp-page\" data-elementor-id=\"8\" class=\"elementor elementor-8\" data-elementor-post-type=\"page\">\n\t\t\t\t\t\t<section class=\"elementor-section elementor-top-section elementor-element elementor-element-39587d52 elementor-section-full_width elementor-section-height-default elementor-section-height-default\" data-id=\"39587d52\" data-element_type=\"section\" data-e-type=\"section\" data-settings=\"{&quot;background_background&quot;:&quot;gradient&quot;}\">\n\t\t\t\t\t\t\t<div class=\"elementor-background-overlay\"><\/div>\n\t\t\t\t\t\t\t<div class=\"elementor-container elementor-column-gap-default\">\n\t\t\t\t\t<div class=\"elementor-column elementor-col-100 elementor-top-column elementor-element elementor-element-67062362\" data-id=\"67062362\" data-element_type=\"column\" data-e-type=\"column\">\n\t\t\t<div class=\"elementor-widget-wrap elementor-element-populated\">\n\t\t\t\t\t\t<section class=\"elementor-section elementor-inner-section elementor-element elementor-element-37d28aef elementor-section-boxed elementor-section-height-default elementor-section-height-default\" data-id=\"37d28aef\" data-element_type=\"section\" data-e-type=\"section\">\n\t\t\t\t\t\t<div class=\"elementor-container elementor-column-gap-default\">\n\t\t\t\t\t<div class=\"elementor-column elementor-col-100 elementor-inner-column elementor-element elementor-element-719e75eb\" data-id=\"719e75eb\" data-element_type=\"column\" data-e-type=\"column\">\n\t\t\t<div class=\"elementor-widget-wrap elementor-element-populated\">\n\t\t\t\t\t\t<div class=\"elementor-element elementor-element-6baf20c6 elementor-invisible elementor-widget elementor-widget-heading\" data-id=\"6baf20c6\" data-element_type=\"widget\" data-e-type=\"widget\" data-settings=\"{&quot;_animation&quot;:&quot;fadeInLeft&quot;}\" data-widget_type=\"heading.default\">\n\t\t\t\t<div class=\"elementor-widget-container\">\n\t\t\t\t\t<h2 class=\"elementor-heading-title elementor-size-default\">Servicios<\/h2>\t\t\t\t<\/div>\n\t\t\t\t<\/div>\n\t\t\t\t<div class=\"elementor-element elementor-element-145b00a elementor-invisible elementor-widget elementor-widget-heading\" data-id=\"145b00a\" data-element_type=\"widget\" data-e-type=\"widget\" data-settings=\"{&quot;_animation&quot;:&quot;fadeInUp&quot;}\" data-widget_type=\"heading.default\">\n\t\t\t\t<div class=\"elementor-widget-container\">\n\t\t\t\t\t<h2 class=\"elementor-heading-title elementor-size-default\">Mecanizado Avanzado <br>Para Reparaci\u00f3n y Personalizaci\u00f3n, <br>Dise\u00f1o de Ingenier\u00eda<\/h2>\t\t\t\t<\/div>\n\t\t\t\t<\/div>\n\t\t\t\t<div class=\"elementor-element elementor-element-7aad096d elementor-icon-list--layout-inline elementor-widget__width-initial elementor-align-center elementor-list-item-link-full_width elementor-invisible elementor-widget elementor-widget-icon-list\" data-id=\"7aad096d\" data-element_type=\"widget\" data-e-type=\"widget\" data-settings=\"{&quot;_animation&quot;:&quot;fadeInRight&quot;}\" data-widget_type=\"icon-list.default\">\n\t\t\t\t<div class=\"elementor-widget-container\">\n\t\t\t\t\t\t\t<ul class=\"elementor-icon-list-items elementor-inline-items\">\n\t\t\t\t\t\t\t<li class=\"elementor-icon-list-item elementor-inline-item\">\n\t\t\t\t\t\t\t\t\t\t\t<a href=\"https:\/\/nicolasmin.com\/en\/\">\n\n\t\t\t\t\t\t\t\t\t\t\t\t<span class=\"elementor-icon-list-icon\">\n\t\t\t\t\t\t\t<svg aria-hidden=\"true\" class=\"e-font-icon-svg e-fas-home\" viewbox=\"0 0 576 512\" xmlns=\"http:\/\/www.w3.org\/2000\/svg\"><path d=\"M280.37 148.26L96 300.11V464a16 16 0 0 0 16 16l112.06-.29a16 16 0 0 0 15.92-16V368a16 16 0 0 1 16-16h64a16 16 0 0 1 16 16v95.64a16 16 0 0 0 16 16.05L464 480a16 16 0 0 0 16-16V300L295.67 148.26a12.19 12.19 0 0 0-15.3 0zM571.6 251.47L488 182.56V44.05a12 12 0 0 0-12-12h-56a12 12 0 0 0-12 12v72.61L318.47 43a48 48 0 0 0-61 0L4.34 251.47a12 12 0 0 0-1.6 16.9l25.5 31A12 12 0 0 0 45.15 301l235.22-193.74a12.19 12.19 0 0 1 15.3 0L530.9 301a12 12 0 0 0 16.9-1.6l25.5-31a12 12 0 0 0-1.7-16.93z\"><\/path><\/svg>\t\t\t\t\t\t<\/span>\n\t\t\t\t\t\t\t\t\t\t<span class=\"elementor-icon-list-text\">Start<\/span>\n\t\t\t\t\t\t\t\t\t\t\t<\/a>\n\t\t\t\t\t\t\t\t\t<\/li>\n\t\t\t\t\t\t\t\t<li class=\"elementor-icon-list-item elementor-inline-item\">\n\t\t\t\t\t\t\t\t\t\t\t<a href=\"https:\/\/nicolasmin.com\/en\/contacto\/\">\n\n\t\t\t\t\t\t\t\t\t\t\t\t<span class=\"elementor-icon-list-icon\">\n\t\t\t\t\t\t\t<svg aria-hidden=\"true\" class=\"e-font-icon-svg e-fas-angle-double-right\" viewbox=\"0 0 448 512\" xmlns=\"http:\/\/www.w3.org\/2000\/svg\"><path d=\"M224.3 273l-136 136c-9.4 9.4-24.6 9.4-33.9 0l-22.6-22.6c-9.4-9.4-9.4-24.6 0-33.9l96.4-96.4-96.4-96.4c-9.4-9.4-9.4-24.6 0-33.9L54.3 103c9.4-9.4 24.6-9.4 33.9 0l136 136c9.5 9.4 9.5 24.6.1 34zm192-34l-136-136c-9.4-9.4-24.6-9.4-33.9 0l-22.6 22.6c-9.4 9.4-9.4 24.6 0 33.9l96.4 96.4-96.4 96.4c-9.4 9.4-9.4 24.6 0 33.9l22.6 22.6c9.4 9.4 24.6 9.4 33.9 0l136-136c9.4-9.2 9.4-24.4 0-33.8z\"><\/path><\/svg>\t\t\t\t\t\t<\/span>\n\t\t\t\t\t\t\t\t\t\t<span class=\"elementor-icon-list-text\">Contact<\/span>\n\t\t\t\t\t\t\t\t\t\t\t<\/a>\n\t\t\t\t\t\t\t\t\t<\/li>\n\t\t\t\t\t\t<\/ul>\n\t\t\t\t\t\t<\/div>\n\t\t\t\t<\/div>\n\t\t\t\t\t<\/div>\n\t\t<\/div>\n\t\t\t\t\t<\/div>\n\t\t<\/section>\n\t\t\t\t\t<\/div>\n\t\t<\/div>\n\t\t\t\t\t<\/div>\n\t\t<\/section>\n\t\t\t\t<section class=\"elementor-section elementor-top-section elementor-element elementor-element-c1292d7 elementor-section-boxed elementor-section-height-default elementor-section-height-default\" data-id=\"c1292d7\" data-element_type=\"section\" data-e-type=\"section\" data-settings=\"{&quot;background_background&quot;:&quot;classic&quot;}\">\n\t\t\t\t\t\t\t<div class=\"elementor-background-overlay\"><\/div>\n\t\t\t\t\t\t\t<div class=\"elementor-container elementor-column-gap-default\">\n\t\t\t\t\t<div class=\"elementor-column elementor-col-100 elementor-top-column elementor-element elementor-element-73c2538b\" data-id=\"73c2538b\" data-element_type=\"column\" data-e-type=\"column\">\n\t\t\t<div class=\"elementor-widget-wrap elementor-element-populated\">\n\t\t\t\t\t\t<div class=\"elementor-element elementor-element-36a4fb04 elementor-invisible elementor-widget elementor-widget-text-editor\" data-id=\"36a4fb04\" data-element_type=\"widget\" data-e-type=\"widget\" data-settings=\"{&quot;_animation&quot;:&quot;fadeInRight&quot;}\" data-widget_type=\"text-editor.default\">\n\t\t\t\t<div class=\"elementor-widget-container\">\n\t\t\t\t\t\t\t\t\t<p>SERVICIOS QUE OFRECEMOS<\/p>\t\t\t\t\t\t\t\t<\/div>\n\t\t\t\t<\/div>\n\t\t\t\t<div class=\"elementor-element elementor-element-a1364e2 elementor-invisible elementor-widget elementor-widget-heading\" data-id=\"a1364e2\" data-element_type=\"widget\" data-e-type=\"widget\" data-settings=\"{&quot;_animation&quot;:&quot;fadeInLeft&quot;}\" data-widget_type=\"heading.default\">\n\t\t\t\t<div class=\"elementor-widget-container\">\n\t\t\t\t\t<h2 class=\"elementor-heading-title elementor-size-default\">Nos especializamos en la reparaci\u00f3n y fabricaci\u00f3n de piezas por mecanizado, as\u00ed como en el dise\u00f1o de ingenier\u00eda. Nuestro principal objetivo es garantizar la satisfacci\u00f3n de nuestros clientes, lo que logramos al enfocarnos en ofrecer productos de la m\u00e1s alta calidad y cumplir rigurosamente con los plazos de entrega. Nos comprometemos a brindar soluciones eficientes y precisas, adaptadas a las necesidades de cada cliente, manteniendo siempre un alto est\u00e1ndar en cada proyecto que desarrollamos.<\/h2>\t\t\t\t<\/div>\n\t\t\t\t<\/div>\n\t\t\t\t<section class=\"elementor-section elementor-inner-section elementor-element elementor-element-12eb34ea elementor-section-boxed elementor-section-height-default elementor-section-height-default\" data-id=\"12eb34ea\" data-element_type=\"section\" data-e-type=\"section\">\n\t\t\t\t\t\t<div class=\"elementor-container elementor-column-gap-default\">\n\t\t\t\t\t<div class=\"elementor-column elementor-col-50 elementor-inner-column elementor-element elementor-element-1958f483\" data-id=\"1958f483\" data-element_type=\"column\" data-e-type=\"column\">\n\t\t\t<div class=\"elementor-widget-wrap elementor-element-populated\">\n\t\t\t\t\t\t<div class=\"elementor-element elementor-element-44c044e elementor-position-top elementor-invisible elementor-widget elementor-widget-image-box\" data-id=\"44c044e\" data-element_type=\"widget\" data-e-type=\"widget\" data-settings=\"{&quot;_animation&quot;:&quot;fadeInUp&quot;}\" data-widget_type=\"image-box.default\">\n\t\t\t\t<div class=\"elementor-widget-container\">\n\t\t\t\t\t<div class=\"elementor-image-box-wrapper\"><figure class=\"elementor-image-box-img\"><img fetchpriority=\"high\" decoding=\"async\" width=\"2000\" height=\"1333\" src=\"https:\/\/nicolasmin.com\/wp-content\/uploads\/2024\/09\/close-up-of-parts-of-a-clean-engine-block-removed-from-a-car-for-repair-which-lie-on-a-table.jpg\" class=\"attachment-full size-full wp-image-843\" alt=\"Close-up of parts of a clean engine block removed from a car for repair which lie on a table\" srcset=\"https:\/\/nicolasmin.com\/wp-content\/uploads\/2024\/09\/close-up-of-parts-of-a-clean-engine-block-removed-from-a-car-for-repair-which-lie-on-a-table.jpg 2000w, https:\/\/nicolasmin.com\/wp-content\/uploads\/2024\/09\/close-up-of-parts-of-a-clean-engine-block-removed-from-a-car-for-repair-which-lie-on-a-table-300x200.jpg 300w, https:\/\/nicolasmin.com\/wp-content\/uploads\/2024\/09\/close-up-of-parts-of-a-clean-engine-block-removed-from-a-car-for-repair-which-lie-on-a-table-1024x682.jpg 1024w, https:\/\/nicolasmin.com\/wp-content\/uploads\/2024\/09\/close-up-of-parts-of-a-clean-engine-block-removed-from-a-car-for-repair-which-lie-on-a-table-768x512.jpg 768w, https:\/\/nicolasmin.com\/wp-content\/uploads\/2024\/09\/close-up-of-parts-of-a-clean-engine-block-removed-from-a-car-for-repair-which-lie-on-a-table-1536x1024.jpg 1536w, https:\/\/nicolasmin.com\/wp-content\/uploads\/2024\/09\/close-up-of-parts-of-a-clean-engine-block-removed-from-a-car-for-repair-which-lie-on-a-table-18x12.jpg 18w\" sizes=\"(max-width: 2000px) 100vw, 2000px\" \/><\/figure><div class=\"elementor-image-box-content\"><h3 class=\"elementor-image-box-title\">REPARACI\u00d3N DE PIEZAS POR MECANIZADO<\/h3><\/div><\/div>\t\t\t\t<\/div>\n\t\t\t\t<\/div>\n\t\t\t\t\t<\/div>\n\t\t<\/div>\n\t\t\t\t<div class=\"elementor-column elementor-col-50 elementor-inner-column elementor-element elementor-element-977c9b6\" data-id=\"977c9b6\" data-element_type=\"column\" data-e-type=\"column\">\n\t\t\t<div class=\"elementor-widget-wrap elementor-element-populated\">\n\t\t\t\t\t\t<div class=\"elementor-element elementor-element-2a6b0b2 elementor-position-top elementor-invisible elementor-widget elementor-widget-image-box\" data-id=\"2a6b0b2\" data-element_type=\"widget\" data-e-type=\"widget\" data-settings=\"{&quot;_animation&quot;:&quot;fadeInUp&quot;}\" data-widget_type=\"image-box.default\">\n\t\t\t\t<div class=\"elementor-widget-container\">\n\t\t\t\t\t<div class=\"elementor-image-box-wrapper\"><figure class=\"elementor-image-box-img\"><img decoding=\"async\" width=\"2000\" height=\"1333\" src=\"https:\/\/nicolasmin.com\/wp-content\/uploads\/2024\/09\/fabrication-of-complex-parts.jpg\" class=\"attachment-full size-full wp-image-841\" alt=\"Fabrication of complex parts\" srcset=\"https:\/\/nicolasmin.com\/wp-content\/uploads\/2024\/09\/fabrication-of-complex-parts.jpg 2000w, https:\/\/nicolasmin.com\/wp-content\/uploads\/2024\/09\/fabrication-of-complex-parts-300x200.jpg 300w, https:\/\/nicolasmin.com\/wp-content\/uploads\/2024\/09\/fabrication-of-complex-parts-1024x682.jpg 1024w, https:\/\/nicolasmin.com\/wp-content\/uploads\/2024\/09\/fabrication-of-complex-parts-768x512.jpg 768w, https:\/\/nicolasmin.com\/wp-content\/uploads\/2024\/09\/fabrication-of-complex-parts-1536x1024.jpg 1536w, https:\/\/nicolasmin.com\/wp-content\/uploads\/2024\/09\/fabrication-of-complex-parts-18x12.jpg 18w\" sizes=\"(max-width: 2000px) 100vw, 2000px\" \/><\/figure><div class=\"elementor-image-box-content\"><h3 class=\"elementor-image-box-title\">FABRICACI\u00d3N DE PIEZAS POR MECANIZADO<\/h3><\/div><\/div>\t\t\t\t<\/div>\n\t\t\t\t<\/div>\n\t\t\t\t\t<\/div>\n\t\t<\/div>\n\t\t\t\t\t<\/div>\n\t\t<\/section>\n\t\t\t\t\t<\/div>\n\t\t<\/div>\n\t\t\t\t\t<\/div>\n\t\t<\/section>\n\t\t\t\t<section class=\"elementor-section elementor-top-section elementor-element elementor-element-e34e182 elementor-section-boxed elementor-section-height-default elementor-section-height-default\" data-id=\"e34e182\" data-element_type=\"section\" data-e-type=\"section\" data-settings=\"{&quot;background_background&quot;:&quot;gradient&quot;}\">\n\t\t\t\t\t\t\t<div class=\"elementor-background-overlay\"><\/div>\n\t\t\t\t\t\t\t<div class=\"elementor-container elementor-column-gap-default\">\n\t\t\t\t\t<div class=\"elementor-column elementor-col-100 elementor-top-column elementor-element elementor-element-24ebbcfa\" data-id=\"24ebbcfa\" data-element_type=\"column\" data-e-type=\"column\">\n\t\t\t<div class=\"elementor-widget-wrap elementor-element-populated\">\n\t\t\t\t\t\t<div class=\"elementor-element elementor-element-4227d6d8 elementor-invisible elementor-widget elementor-widget-heading\" data-id=\"4227d6d8\" data-element_type=\"widget\" data-e-type=\"widget\" data-settings=\"{&quot;_animation&quot;:&quot;fadeInUp&quot;}\" data-widget_type=\"heading.default\">\n\t\t\t\t<div class=\"elementor-widget-container\">\n\t\t\t\t\t<h2 class=\"elementor-heading-title elementor-size-default\">Hagamos Algo Grande Juntos<\/h2>\t\t\t\t<\/div>\n\t\t\t\t<\/div>\n\t\t\t\t<div class=\"elementor-element elementor-element-cc2f4e9 elementor-invisible elementor-widget elementor-widget-heading\" data-id=\"cc2f4e9\" data-element_type=\"widget\" data-e-type=\"widget\" data-settings=\"{&quot;_animation&quot;:&quot;fadeInUp&quot;}\" data-widget_type=\"heading.default\">\n\t\t\t\t<div class=\"elementor-widget-container\">\n\t\t\t\t\t<h2 class=\"elementor-heading-title elementor-size-default\">Reparaci\u00f3n y Fabricaci\u00f3n de Piezas por Mecanizado.<\/h2>\t\t\t\t<\/div>\n\t\t\t\t<\/div>\n\t\t\t\t<div class=\"elementor-element elementor-element-6f0c9cfd elementor-align-justify elementor-widget__width-initial elementor-invisible elementor-widget elementor-widget-button\" data-id=\"6f0c9cfd\" data-element_type=\"widget\" data-e-type=\"widget\" data-settings=\"{&quot;_animation&quot;:&quot;zoomIn&quot;}\" data-widget_type=\"button.default\">\n\t\t\t\t<div class=\"elementor-widget-container\">\n\t\t\t\t\t\t\t\t\t<div class=\"elementor-button-wrapper\">\n\t\t\t\t\t<a class=\"elementor-button elementor-button-link elementor-size-sm elementor-animation-hang\" href=\"https:\/\/nicolasmin.com\/en\/contacto\/\">\n\t\t\t\t\t\t<span class=\"elementor-button-content-wrapper\">\n\t\t\t\t\t\t\t\t\t<span class=\"elementor-button-text\">Contact us<\/span>\n\t\t\t\t\t<\/span>\n\t\t\t\t\t<\/a>\n\t\t\t\t<\/div>\n\t\t\t\t\t\t\t\t<\/div>\n\t\t\t\t<\/div>\n\t\t\t\t\t<\/div>\n\t\t<\/div>\n\t\t\t\t\t<\/div>\n\t\t<\/section>\n\t\t\t\t<\/div>","protected":false},"excerpt":{"rendered":"<p>Servicios Mecanizado Avanzado Para Reparaci\u00f3n y Personalizaci\u00f3n, Dise\u00f1o de Ingenier\u00eda Inicio Contacto SERVICIOS QUE OFRECEMOS Nos especializamos en la reparaci\u00f3n y fabricaci\u00f3n de piezas por mecanizado, as\u00ed como en el dise\u00f1o de ingenier\u00eda. Nuestro principal objetivo es garantizar la satisfacci\u00f3n de nuestros clientes, lo que logramos al enfocarnos en ofrecer productos de la m\u00e1s alta [&hellip;]<\/p>\n","protected":false},"author":1,"featured_media":0,"parent":0,"menu_order":0,"comment_status":"closed","ping_status":"closed","template":"elementor_canvas","meta":{"footnotes":""},"class_list":["post-8","page","type-page","status-publish","hentry"],"yoast_head":"<!-- This site is optimized with the Yoast SEO plugin v27.3 - https:\/\/yoast.com\/product\/yoast-seo-wordpress\/ -->\n<title>Servicio - MIN La Uni\u00f3n S.L<\/title>\n<meta name=\"robots\" content=\"index, follow, max-snippet:-1, max-image-preview:large, max-video-preview:-1\" \/>\n<link rel=\"canonical\" href=\"https:\/\/nicolasmin.com\/en\/servicio\/\" \/>\n<meta property=\"og:locale\" content=\"en_US\" \/>\n<meta property=\"og:type\" content=\"article\" \/>\n<meta property=\"og:title\" content=\"Servicio - MIN La Uni\u00f3n S.L\" \/>\n<meta property=\"og:description\" content=\"Servicios Mecanizado Avanzado Para Reparaci\u00f3n y Personalizaci\u00f3n, Dise\u00f1o de Ingenier\u00eda Inicio Contacto SERVICIOS QUE OFRECEMOS Nos especializamos en la reparaci\u00f3n y fabricaci\u00f3n de piezas por mecanizado, as\u00ed como en el dise\u00f1o de ingenier\u00eda. Nuestro principal objetivo es garantizar la satisfacci\u00f3n de nuestros clientes, lo que logramos al enfocarnos en ofrecer productos de la m\u00e1s alta [&hellip;]\" \/>\n<meta property=\"og:url\" content=\"https:\/\/nicolasmin.com\/en\/servicio\/\" \/>\n<meta property=\"og:site_name\" content=\"MIN La Uni\u00f3n S.L\" \/>\n<meta property=\"article:modified_time\" content=\"2024-09-13T13:31:18+00:00\" \/>\n<meta property=\"og:image\" content=\"https:\/\/nicolasmin.com\/wp-content\/uploads\/2024\/09\/close-up-of-parts-of-a-clean-engine-block-removed-from-a-car-for-repair-which-lie-on-a-table.jpg\" \/>\n<meta name=\"twitter:card\" content=\"summary_large_image\" \/>\n<meta name=\"twitter:label1\" content=\"Est. reading time\" \/>\n\t<meta name=\"twitter:data1\" content=\"1 minute\" \/>\n<script type=\"application\/ld+json\" class=\"yoast-schema-graph\">{\"@context\":\"https:\\\/\\\/schema.org\",\"@graph\":[{\"@type\":\"WebPage\",\"@id\":\"https:\\\/\\\/nicolasmin.com\\\/servicio\\\/\",\"url\":\"https:\\\/\\\/nicolasmin.com\\\/servicio\\\/\",\"name\":\"Servicio - MIN La Uni\u00f3n S.L\",\"isPartOf\":{\"@id\":\"https:\\\/\\\/nicolasmin.com\\\/#website\"},\"primaryImageOfPage\":{\"@id\":\"https:\\\/\\\/nicolasmin.com\\\/servicio\\\/#primaryimage\"},\"image\":{\"@id\":\"https:\\\/\\\/nicolasmin.com\\\/servicio\\\/#primaryimage\"},\"thumbnailUrl\":\"https:\\\/\\\/nicolasmin.com\\\/wp-content\\\/uploads\\\/2024\\\/09\\\/close-up-of-parts-of-a-clean-engine-block-removed-from-a-car-for-repair-which-lie-on-a-table.jpg\",\"datePublished\":\"2024-09-11T08:17:52+00:00\",\"dateModified\":\"2024-09-13T13:31:18+00:00\",\"breadcrumb\":{\"@id\":\"https:\\\/\\\/nicolasmin.com\\\/servicio\\\/#breadcrumb\"},\"inLanguage\":\"en-US\",\"potentialAction\":[{\"@type\":\"ReadAction\",\"target\":[\"https:\\\/\\\/nicolasmin.com\\\/servicio\\\/\"]}]},{\"@type\":\"ImageObject\",\"inLanguage\":\"en-US\",\"@id\":\"https:\\\/\\\/nicolasmin.com\\\/servicio\\\/#primaryimage\",\"url\":\"https:\\\/\\\/nicolasmin.com\\\/wp-content\\\/uploads\\\/2024\\\/09\\\/close-up-of-parts-of-a-clean-engine-block-removed-from-a-car-for-repair-which-lie-on-a-table.jpg\",\"contentUrl\":\"https:\\\/\\\/nicolasmin.com\\\/wp-content\\\/uploads\\\/2024\\\/09\\\/close-up-of-parts-of-a-clean-engine-block-removed-from-a-car-for-repair-which-lie-on-a-table.jpg\"},{\"@type\":\"BreadcrumbList\",\"@id\":\"https:\\\/\\\/nicolasmin.com\\\/servicio\\\/#breadcrumb\",\"itemListElement\":[{\"@type\":\"ListItem\",\"position\":1,\"name\":\"Portada\",\"item\":\"https:\\\/\\\/nicolasmin.com\\\/\"},{\"@type\":\"ListItem\",\"position\":2,\"name\":\"Servicio\"}]},{\"@type\":\"WebSite\",\"@id\":\"https:\\\/\\\/nicolasmin.com\\\/#website\",\"url\":\"https:\\\/\\\/nicolasmin.com\\\/\",\"name\":\"MIN La Uni\u00f3n S.L\",\"description\":\"\",\"publisher\":{\"@id\":\"https:\\\/\\\/nicolasmin.com\\\/#organization\"},\"potentialAction\":[{\"@type\":\"SearchAction\",\"target\":{\"@type\":\"EntryPoint\",\"urlTemplate\":\"https:\\\/\\\/nicolasmin.com\\\/?s={search_term_string}\"},\"query-input\":{\"@type\":\"PropertyValueSpecification\",\"valueRequired\":true,\"valueName\":\"search_term_string\"}}],\"inLanguage\":\"en-US\"},{\"@type\":\"Organization\",\"@id\":\"https:\\\/\\\/nicolasmin.com\\\/#organization\",\"name\":\"MIN La Uni\u00f3n S.L\",\"url\":\"https:\\\/\\\/nicolasmin.com\\\/\",\"logo\":{\"@type\":\"ImageObject\",\"inLanguage\":\"en-US\",\"@id\":\"https:\\\/\\\/nicolasmin.com\\\/#\\\/schema\\\/logo\\\/image\\\/\",\"url\":\"https:\\\/\\\/nicolasmin.com\\\/wp-content\\\/uploads\\\/2024\\\/09\\\/cropped-logo.png\",\"contentUrl\":\"https:\\\/\\\/nicolasmin.com\\\/wp-content\\\/uploads\\\/2024\\\/09\\\/cropped-logo.png\",\"width\":554,\"height\":450,\"caption\":\"MIN La Uni\u00f3n S.L\"},\"image\":{\"@id\":\"https:\\\/\\\/nicolasmin.com\\\/#\\\/schema\\\/logo\\\/image\\\/\"}}]}<\/script>\n<!-- \/ Yoast SEO plugin. -->","yoast_head_json":{"title":"Servicio - MIN La Uni\u00f3n S.L","robots":{"index":"index","follow":"follow","max-snippet":"max-snippet:-1","max-image-preview":"max-image-preview:large","max-video-preview":"max-video-preview:-1"},"canonical":"https:\/\/nicolasmin.com\/en\/servicio\/","og_locale":"en_US","og_type":"article","og_title":"Servicio - MIN La Uni\u00f3n S.L","og_description":"Servicios Mecanizado Avanzado Para Reparaci\u00f3n y Personalizaci\u00f3n, Dise\u00f1o de Ingenier\u00eda Inicio Contacto SERVICIOS QUE OFRECEMOS Nos especializamos en la reparaci\u00f3n y fabricaci\u00f3n de piezas por mecanizado, as\u00ed como en el dise\u00f1o de ingenier\u00eda. Nuestro principal objetivo es garantizar la satisfacci\u00f3n de nuestros clientes, lo que logramos al enfocarnos en ofrecer productos de la m\u00e1s alta [&hellip;]","og_url":"https:\/\/nicolasmin.com\/en\/servicio\/","og_site_name":"MIN La Uni\u00f3n S.L","article_modified_time":"2024-09-13T13:31:18+00:00","og_image":[{"url":"https:\/\/nicolasmin.com\/wp-content\/uploads\/2024\/09\/close-up-of-parts-of-a-clean-engine-block-removed-from-a-car-for-repair-which-lie-on-a-table.jpg","type":"","width":"","height":""}],"twitter_card":"summary_large_image","twitter_misc":{"Est. reading time":"1 minute"},"schema":{"@context":"https:\/\/schema.org","@graph":[{"@type":"WebPage","@id":"https:\/\/nicolasmin.com\/servicio\/","url":"https:\/\/nicolasmin.com\/servicio\/","name":"Servicio - MIN La Uni\u00f3n S.L","isPartOf":{"@id":"https:\/\/nicolasmin.com\/#website"},"primaryImageOfPage":{"@id":"https:\/\/nicolasmin.com\/servicio\/#primaryimage"},"image":{"@id":"https:\/\/nicolasmin.com\/servicio\/#primaryimage"},"thumbnailUrl":"https:\/\/nicolasmin.com\/wp-content\/uploads\/2024\/09\/close-up-of-parts-of-a-clean-engine-block-removed-from-a-car-for-repair-which-lie-on-a-table.jpg","datePublished":"2024-09-11T08:17:52+00:00","dateModified":"2024-09-13T13:31:18+00:00","breadcrumb":{"@id":"https:\/\/nicolasmin.com\/servicio\/#breadcrumb"},"inLanguage":"en-US","potentialAction":[{"@type":"ReadAction","target":["https:\/\/nicolasmin.com\/servicio\/"]}]},{"@type":"ImageObject","inLanguage":"en-US","@id":"https:\/\/nicolasmin.com\/servicio\/#primaryimage","url":"https:\/\/nicolasmin.com\/wp-content\/uploads\/2024\/09\/close-up-of-parts-of-a-clean-engine-block-removed-from-a-car-for-repair-which-lie-on-a-table.jpg","contentUrl":"https:\/\/nicolasmin.com\/wp-content\/uploads\/2024\/09\/close-up-of-parts-of-a-clean-engine-block-removed-from-a-car-for-repair-which-lie-on-a-table.jpg"},{"@type":"BreadcrumbList","@id":"https:\/\/nicolasmin.com\/servicio\/#breadcrumb","itemListElement":[{"@type":"ListItem","position":1,"name":"Portada","item":"https:\/\/nicolasmin.com\/"},{"@type":"ListItem","position":2,"name":"Servicio"}]},{"@type":"WebSite","@id":"https:\/\/nicolasmin.com\/#website","url":"https:\/\/nicolasmin.com\/","name":"MIN La Uni\u00f3n S.L","description":"","publisher":{"@id":"https:\/\/nicolasmin.com\/#organization"},"potentialAction":[{"@type":"SearchAction","target":{"@type":"EntryPoint","urlTemplate":"https:\/\/nicolasmin.com\/?s={search_term_string}"},"query-input":{"@type":"PropertyValueSpecification","valueRequired":true,"valueName":"search_term_string"}}],"inLanguage":"en-US"},{"@type":"Organization","@id":"https:\/\/nicolasmin.com\/#organization","name":"MIN La Uni\u00f3n S.L","url":"https:\/\/nicolasmin.com\/","logo":{"@type":"ImageObject","inLanguage":"en-US","@id":"https:\/\/nicolasmin.com\/#\/schema\/logo\/image\/","url":"https:\/\/nicolasmin.com\/wp-content\/uploads\/2024\/09\/cropped-logo.png","contentUrl":"https:\/\/nicolasmin.com\/wp-content\/uploads\/2024\/09\/cropped-logo.png","width":554,"height":450,"caption":"MIN La Uni\u00f3n S.L"},"image":{"@id":"https:\/\/nicolasmin.com\/#\/schema\/logo\/image\/"}}]}},"_links":{"self":[{"href":"https:\/\/nicolasmin.com\/en\/wp-json\/wp\/v2\/pages\/8","targetHints":{"allow":["GET"]}}],"collection":[{"href":"https:\/\/nicolasmin.com\/en\/wp-json\/wp\/v2\/pages"}],"about":[{"href":"https:\/\/nicolasmin.com\/en\/wp-json\/wp\/v2\/types\/page"}],"author":[{"embeddable":true,"href":"https:\/\/nicolasmin.com\/en\/wp-json\/wp\/v2\/users\/1"}],"replies":[{"embeddable":true,"href":"https:\/\/nicolasmin.com\/en\/wp-json\/wp\/v2\/comments?post=8"}],"version-history":[{"count":270,"href":"https:\/\/nicolasmin.com\/en\/wp-json\/wp\/v2\/pages\/8\/revisions"}],"predecessor-version":[{"id":1228,"href":"https:\/\/nicolasmin.com\/en\/wp-json\/wp\/v2\/pages\/8\/revisions\/1228"}],"wp:attachment":[{"href":"https:\/\/nicolasmin.com\/en\/wp-json\/wp\/v2\/media?parent=8"}],"curies":[{"name":"wp","href":"https:\/\/api.w.org\/{rel}","templated":true}]}}